{"id":100,"date":"2025-06-17T08:39:04","date_gmt":"2025-06-17T08:39:04","guid":{"rendered":"https:\/\/auriol.discovermyscreen.fr\/?page_id=100"},"modified":"2025-06-20T07:36:59","modified_gmt":"2025-06-20T07:36:59","slug":"decouvrir-auriol","status":"publish","type":"page","link":"https:\/\/auriol.discovermyscreen.fr\/index.php\/decouvrir-auriol\/","title":{"rendered":"D\u00e9couvrir Auriol"},"content":{"rendered":"<div class=\"et_d4_element et_pb_section et_pb_section_0  et_pb_css_mix_blend_mode et_section_regular et_block_section\" >\n\t\t\t\t\n\t\t\t\t\n\t\t\t\t\n\t\t\t\t\n\t\t\t\t\n\t\t\t\t\n\t\t\t\t<div class=\"et_d4_element et_pb_row et_pb_row_0  et_pb_css_mix_blend_mode et_block_row\">\n\t\t\t\t<div class=\"et_d4_element et_pb_column_4_4 et_pb_column et_pb_column_0  et_pb_css_mix_blend_mode et-last-child et_block_column\">\n\t\t\t\t\n\t\t\t\t\n\t\t\t\t\n\t\t\t\t\n\t\t\t\t<div class=\"et_pb_module et_d4_element et_pb_gallery et_pb_gallery_0  et_pb_bg_layout_light et_pb_slider et_pb_gallery_fullwidth et_slider_auto et_slider_speed_5000 clearfix\">\n\t\t\t\t<div class=\"et_pb_gallery_items et_pb_grid_items et_post_gallery clearfix\" data-per_page=\"4\"><div class=\"et_pb_gallery_item et_pb_bg_layout_light et_pb_css_mix_blend_mode et_pb_gallery_item_0_0\"><div class=\"et_pb_gallery_image landscape\">\n\t\t\t\t\t<a href=\"https:\/\/auriol.discovermyscreen.fr\/wp-content\/uploads\/2025\/06\/diapo10.jpg\" title=\"diapo10\">\n\t\t\t\t\t<img loading=\"lazy\" decoding=\"async\" width=\"1920\" height=\"661\" src=\"https:\/\/auriol.discovermyscreen.fr\/wp-content\/uploads\/2025\/06\/diapo10.jpg\" class=\"wp-image-549\" srcset=\"https:\/\/auriol.discovermyscreen.fr\/wp-content\/uploads\/2025\/06\/diapo10.jpg 1920w, https:\/\/auriol.discovermyscreen.fr\/wp-content\/uploads\/2025\/06\/diapo10-1280x441.jpg 1280w, https:\/\/auriol.discovermyscreen.fr\/wp-content\/uploads\/2025\/06\/diapo10-980x337.jpg 980w, https:\/\/auriol.discovermyscreen.fr\/wp-content\/uploads\/2025\/06\/diapo10-480x165.jpg 480w\" sizes=\"(min-width: 0px) and (max-width: 480px) 480px, (min-width: 481px) and (max-width: 980px) 980px, (min-width: 981px) and (max-width: 1280px) 1280px, (min-width: 1281px) 1920px, 100vw\" \/>\n\t\t\t\t\t\n\t\t\t\t<\/a>\n\t\t\t\t<\/div><\/div><div class=\"et_pb_gallery_item et_pb_bg_layout_light et_pb_css_mix_blend_mode et_pb_gallery_item_0_1\"><div class=\"et_pb_gallery_image landscape\">\n\t\t\t\t\t<a href=\"https:\/\/auriol.discovermyscreen.fr\/wp-content\/uploads\/2025\/06\/diapo16.jpg\" title=\"diapo16\">\n\t\t\t\t\t<img loading=\"lazy\" decoding=\"async\" width=\"1920\" height=\"661\" src=\"https:\/\/auriol.discovermyscreen.fr\/wp-content\/uploads\/2025\/06\/diapo16.jpg\" class=\"wp-image-554\" srcset=\"https:\/\/auriol.discovermyscreen.fr\/wp-content\/uploads\/2025\/06\/diapo16.jpg 1920w, https:\/\/auriol.discovermyscreen.fr\/wp-content\/uploads\/2025\/06\/diapo16-1280x441.jpg 1280w, https:\/\/auriol.discovermyscreen.fr\/wp-content\/uploads\/2025\/06\/diapo16-980x337.jpg 980w, https:\/\/auriol.discovermyscreen.fr\/wp-content\/uploads\/2025\/06\/diapo16-480x165.jpg 480w\" sizes=\"(min-width: 0px) and (max-width: 480px) 480px, (min-width: 481px) and (max-width: 980px) 980px, (min-width: 981px) and (max-width: 1280px) 1280px, (min-width: 1281px) 1920px, 100vw\" \/>\n\t\t\t\t\t\n\t\t\t\t<\/a>\n\t\t\t\t<\/div><\/div><div class=\"et_pb_gallery_item et_pb_bg_layout_light et_pb_css_mix_blend_mode et_pb_gallery_item_0_2\"><div class=\"et_pb_gallery_image landscape\">\n\t\t\t\t\t<a href=\"https:\/\/auriol.discovermyscreen.fr\/wp-content\/uploads\/2025\/06\/diapo03.jpg\" title=\"diapo03\">\n\t\t\t\t\t<img loading=\"lazy\" decoding=\"async\" width=\"1920\" height=\"661\" src=\"https:\/\/auriol.discovermyscreen.fr\/wp-content\/uploads\/2025\/06\/diapo03.jpg\" class=\"wp-image-548\" srcset=\"https:\/\/auriol.discovermyscreen.fr\/wp-content\/uploads\/2025\/06\/diapo03.jpg 1920w, https:\/\/auriol.discovermyscreen.fr\/wp-content\/uploads\/2025\/06\/diapo03-1280x441.jpg 1280w, https:\/\/auriol.discovermyscreen.fr\/wp-content\/uploads\/2025\/06\/diapo03-980x337.jpg 980w, https:\/\/auriol.discovermyscreen.fr\/wp-content\/uploads\/2025\/06\/diapo03-480x165.jpg 480w\" sizes=\"(min-width: 0px) and (max-width: 480px) 480px, (min-width: 481px) and (max-width: 980px) 980px, (min-width: 981px) and (max-width: 1280px) 1280px, (min-width: 1281px) 1920px, 100vw\" \/>\n\t\t\t\t\t\n\t\t\t\t<\/a>\n\t\t\t\t<\/div><\/div><div class=\"et_pb_gallery_item et_pb_bg_layout_light et_pb_css_mix_blend_mode et_pb_gallery_item_0_3\"><div class=\"et_pb_gallery_image landscape\">\n\t\t\t\t\t<a href=\"https:\/\/auriol.discovermyscreen.fr\/wp-content\/uploads\/2025\/06\/diapo12.jpg\" title=\"diapo12\">\n\t\t\t\t\t<img loading=\"lazy\" decoding=\"async\" width=\"1920\" height=\"661\" src=\"https:\/\/auriol.discovermyscreen.fr\/wp-content\/uploads\/2025\/06\/diapo12.jpg\" class=\"wp-image-547\" srcset=\"https:\/\/auriol.discovermyscreen.fr\/wp-content\/uploads\/2025\/06\/diapo12.jpg 1920w, https:\/\/auriol.discovermyscreen.fr\/wp-content\/uploads\/2025\/06\/diapo12-1280x441.jpg 1280w, https:\/\/auriol.discovermyscreen.fr\/wp-content\/uploads\/2025\/06\/diapo12-980x337.jpg 980w, https:\/\/auriol.discovermyscreen.fr\/wp-content\/uploads\/2025\/06\/diapo12-480x165.jpg 480w\" sizes=\"(min-width: 0px) and (max-width: 480px) 480px, (min-width: 481px) and (max-width: 980px) 980px, (min-width: 981px) and (max-width: 1280px) 1280px, (min-width: 1281px) 1920px, 100vw\" \/>\n\t\t\t\t\t\n\t\t\t\t<\/a>\n\t\t\t\t<\/div><\/div><div class=\"et_pb_gallery_item et_pb_bg_layout_light et_pb_css_mix_blend_mode et_pb_gallery_item_0_4\"><div class=\"et_pb_gallery_image landscape\">\n\t\t\t\t\t<a href=\"https:\/\/auriol.discovermyscreen.fr\/wp-content\/uploads\/2025\/06\/diapo15.jpg\" title=\"diapo15\">\n\t\t\t\t\t<img loading=\"lazy\" decoding=\"async\" width=\"1920\" height=\"661\" src=\"https:\/\/auriol.discovermyscreen.fr\/wp-content\/uploads\/2025\/06\/diapo15.jpg\" class=\"wp-image-553\" srcset=\"https:\/\/auriol.discovermyscreen.fr\/wp-content\/uploads\/2025\/06\/diapo15.jpg 1920w, https:\/\/auriol.discovermyscreen.fr\/wp-content\/uploads\/2025\/06\/diapo15-1280x441.jpg 1280w, https:\/\/auriol.discovermyscreen.fr\/wp-content\/uploads\/2025\/06\/diapo15-980x337.jpg 980w, https:\/\/auriol.discovermyscreen.fr\/wp-content\/uploads\/2025\/06\/diapo15-480x165.jpg 480w\" sizes=\"(min-width: 0px) and (max-width: 480px) 480px, (min-width: 481px) and (max-width: 980px) 980px, (min-width: 981px) and (max-width: 1280px) 1280px, (min-width: 1281px) 1920px, 100vw\" \/>\n\t\t\t\t\t\n\t\t\t\t<\/a>\n\t\t\t\t<\/div><\/div><div class=\"et_pb_gallery_item et_pb_bg_layout_light et_pb_css_mix_blend_mode et_pb_gallery_item_0_5\"><div class=\"et_pb_gallery_image landscape\">\n\t\t\t\t\t<a href=\"https:\/\/auriol.discovermyscreen.fr\/wp-content\/uploads\/2025\/06\/diapo11.jpg\" title=\"diapo11\">\n\t\t\t\t\t<img loading=\"lazy\" decoding=\"async\" width=\"1920\" height=\"661\" src=\"https:\/\/auriol.discovermyscreen.fr\/wp-content\/uploads\/2025\/06\/diapo11.jpg\" class=\"wp-image-546\" srcset=\"https:\/\/auriol.discovermyscreen.fr\/wp-content\/uploads\/2025\/06\/diapo11.jpg 1920w, https:\/\/auriol.discovermyscreen.fr\/wp-content\/uploads\/2025\/06\/diapo11-1280x441.jpg 1280w, https:\/\/auriol.discovermyscreen.fr\/wp-content\/uploads\/2025\/06\/diapo11-980x337.jpg 980w, https:\/\/auriol.discovermyscreen.fr\/wp-content\/uploads\/2025\/06\/diapo11-480x165.jpg 480w\" sizes=\"(min-width: 0px) and (max-width: 480px) 480px, (min-width: 481px) and (max-width: 980px) 980px, (min-width: 981px) and (max-width: 1280px) 1280px, (min-width: 1281px) 1920px, 100vw\" \/>\n\t\t\t\t\t\n\t\t\t\t<\/a>\n\t\t\t\t<\/div><\/div><div class=\"et_pb_gallery_item et_pb_bg_layout_light et_pb_css_mix_blend_mode et_pb_gallery_item_0_6\"><div class=\"et_pb_gallery_image landscape\">\n\t\t\t\t\t<a href=\"https:\/\/auriol.discovermyscreen.fr\/wp-content\/uploads\/2025\/06\/diapo09.jpg\" title=\"diapo09\">\n\t\t\t\t\t<img loading=\"lazy\" decoding=\"async\" width=\"1920\" height=\"661\" src=\"https:\/\/auriol.discovermyscreen.fr\/wp-content\/uploads\/2025\/06\/diapo09.jpg\" class=\"wp-image-545\" srcset=\"https:\/\/auriol.discovermyscreen.fr\/wp-content\/uploads\/2025\/06\/diapo09.jpg 1920w, https:\/\/auriol.discovermyscreen.fr\/wp-content\/uploads\/2025\/06\/diapo09-1280x441.jpg 1280w, https:\/\/auriol.discovermyscreen.fr\/wp-content\/uploads\/2025\/06\/diapo09-980x337.jpg 980w, https:\/\/auriol.discovermyscreen.fr\/wp-content\/uploads\/2025\/06\/diapo09-480x165.jpg 480w\" sizes=\"(min-width: 0px) and (max-width: 480px) 480px, (min-width: 481px) and (max-width: 980px) 980px, (min-width: 981px) and (max-width: 1280px) 1280px, (min-width: 1281px) 1920px, 100vw\" \/>\n\t\t\t\t\t\n\t\t\t\t<\/a>\n\t\t\t\t<\/div><\/div><div class=\"et_pb_gallery_item et_pb_bg_layout_light et_pb_css_mix_blend_mode et_pb_gallery_item_0_7\"><div class=\"et_pb_gallery_image landscape\">\n\t\t\t\t\t<a href=\"https:\/\/auriol.discovermyscreen.fr\/wp-content\/uploads\/2025\/06\/diapo08.jpg\" title=\"diapo08\">\n\t\t\t\t\t<img loading=\"lazy\" decoding=\"async\" width=\"1920\" height=\"661\" src=\"https:\/\/auriol.discovermyscreen.fr\/wp-content\/uploads\/2025\/06\/diapo08.jpg\" class=\"wp-image-551\" srcset=\"https:\/\/auriol.discovermyscreen.fr\/wp-content\/uploads\/2025\/06\/diapo08.jpg 1920w, https:\/\/auriol.discovermyscreen.fr\/wp-content\/uploads\/2025\/06\/diapo08-1280x441.jpg 1280w, https:\/\/auriol.discovermyscreen.fr\/wp-content\/uploads\/2025\/06\/diapo08-980x337.jpg 980w, https:\/\/auriol.discovermyscreen.fr\/wp-content\/uploads\/2025\/06\/diapo08-480x165.jpg 480w\" sizes=\"(min-width: 0px) and (max-width: 480px) 480px, (min-width: 481px) and (max-width: 980px) 980px, (min-width: 981px) and (max-width: 1280px) 1280px, (min-width: 1281px) 1920px, 100vw\" \/>\n\t\t\t\t\t\n\t\t\t\t<\/a>\n\t\t\t\t<\/div><\/div><div class=\"et_pb_gallery_item et_pb_bg_layout_light et_pb_css_mix_blend_mode et_pb_gallery_item_0_8\"><div class=\"et_pb_gallery_image landscape\">\n\t\t\t\t\t<a href=\"https:\/\/auriol.discovermyscreen.fr\/wp-content\/uploads\/2025\/06\/diapo04.jpg\" title=\"diapo04\">\n\t\t\t\t\t<img loading=\"lazy\" decoding=\"async\" width=\"1920\" height=\"661\" src=\"https:\/\/auriol.discovermyscreen.fr\/wp-content\/uploads\/2025\/06\/diapo04.jpg\" class=\"wp-image-544\" srcset=\"https:\/\/auriol.discovermyscreen.fr\/wp-content\/uploads\/2025\/06\/diapo04.jpg 1920w, https:\/\/auriol.discovermyscreen.fr\/wp-content\/uploads\/2025\/06\/diapo04-1280x441.jpg 1280w, https:\/\/auriol.discovermyscreen.fr\/wp-content\/uploads\/2025\/06\/diapo04-980x337.jpg 980w, https:\/\/auriol.discovermyscreen.fr\/wp-content\/uploads\/2025\/06\/diapo04-480x165.jpg 480w\" sizes=\"(min-width: 0px) and (max-width: 480px) 480px, (min-width: 481px) and (max-width: 980px) 980px, (min-width: 981px) and (max-width: 1280px) 1280px, (min-width: 1281px) 1920px, 100vw\" \/>\n\t\t\t\t\t\n\t\t\t\t<\/a>\n\t\t\t\t<\/div><\/div><div class=\"et_pb_gallery_item et_pb_bg_layout_light et_pb_css_mix_blend_mode et_pb_gallery_item_0_9\"><div class=\"et_pb_gallery_image landscape\">\n\t\t\t\t\t<a href=\"https:\/\/auriol.discovermyscreen.fr\/wp-content\/uploads\/2025\/06\/diapo02.jpg\" title=\"diapo02\">\n\t\t\t\t\t<img loading=\"lazy\" decoding=\"async\" width=\"1920\" height=\"661\" src=\"https:\/\/auriol.discovermyscreen.fr\/wp-content\/uploads\/2025\/06\/diapo02.jpg\" class=\"wp-image-555\" srcset=\"https:\/\/auriol.discovermyscreen.fr\/wp-content\/uploads\/2025\/06\/diapo02.jpg 1920w, https:\/\/auriol.discovermyscreen.fr\/wp-content\/uploads\/2025\/06\/diapo02-1280x441.jpg 1280w, https:\/\/auriol.discovermyscreen.fr\/wp-content\/uploads\/2025\/06\/diapo02-980x337.jpg 980w, https:\/\/auriol.discovermyscreen.fr\/wp-content\/uploads\/2025\/06\/diapo02-480x165.jpg 480w\" sizes=\"(min-width: 0px) and (max-width: 480px) 480px, (min-width: 481px) and (max-width: 980px) 980px, (min-width: 981px) and (max-width: 1280px) 1280px, (min-width: 1281px) 1920px, 100vw\" \/>\n\t\t\t\t\t\n\t\t\t\t<\/a>\n\t\t\t\t<\/div><\/div><div class=\"et_pb_gallery_item et_pb_bg_layout_light et_pb_css_mix_blend_mode et_pb_gallery_item_0_10\"><div class=\"et_pb_gallery_image landscape\">\n\t\t\t\t\t<a href=\"https:\/\/auriol.discovermyscreen.fr\/wp-content\/uploads\/2025\/06\/diapo06.jpg\" title=\"diapo06\">\n\t\t\t\t\t<img loading=\"lazy\" decoding=\"async\" width=\"1920\" height=\"661\" src=\"https:\/\/auriol.discovermyscreen.fr\/wp-content\/uploads\/2025\/06\/diapo06.jpg\" class=\"wp-image-556\" srcset=\"https:\/\/auriol.discovermyscreen.fr\/wp-content\/uploads\/2025\/06\/diapo06.jpg 1920w, https:\/\/auriol.discovermyscreen.fr\/wp-content\/uploads\/2025\/06\/diapo06-1280x441.jpg 1280w, https:\/\/auriol.discovermyscreen.fr\/wp-content\/uploads\/2025\/06\/diapo06-980x337.jpg 980w, https:\/\/auriol.discovermyscreen.fr\/wp-content\/uploads\/2025\/06\/diapo06-480x165.jpg 480w\" sizes=\"(min-width: 0px) and (max-width: 480px) 480px, (min-width: 481px) and (max-width: 980px) 980px, (min-width: 981px) and (max-width: 1280px) 1280px, (min-width: 1281px) 1920px, 100vw\" \/>\n\t\t\t\t\t\n\t\t\t\t<\/a>\n\t\t\t\t<\/div><\/div><div class=\"et_pb_gallery_item et_pb_bg_layout_light et_pb_css_mix_blend_mode et_pb_gallery_item_0_11\"><div class=\"et_pb_gallery_image landscape\">\n\t\t\t\t\t<a href=\"https:\/\/auriol.discovermyscreen.fr\/wp-content\/uploads\/2025\/06\/diapo14.jpg\" title=\"diapo14\">\n\t\t\t\t\t<img loading=\"lazy\" decoding=\"async\" width=\"1920\" height=\"661\" src=\"https:\/\/auriol.discovermyscreen.fr\/wp-content\/uploads\/2025\/06\/diapo14.jpg\" class=\"wp-image-552\" srcset=\"https:\/\/auriol.discovermyscreen.fr\/wp-content\/uploads\/2025\/06\/diapo14.jpg 1920w, https:\/\/auriol.discovermyscreen.fr\/wp-content\/uploads\/2025\/06\/diapo14-1280x441.jpg 1280w, https:\/\/auriol.discovermyscreen.fr\/wp-content\/uploads\/2025\/06\/diapo14-980x337.jpg 980w, https:\/\/auriol.discovermyscreen.fr\/wp-content\/uploads\/2025\/06\/diapo14-480x165.jpg 480w\" sizes=\"(min-width: 0px) and (max-width: 480px) 480px, (min-width: 481px) and (max-width: 980px) 980px, (min-width: 981px) and (max-width: 1280px) 1280px, (min-width: 1281px) 1920px, 100vw\" \/>\n\t\t\t\t\t\n\t\t\t\t<\/a>\n\t\t\t\t<\/div><\/div><div class=\"et_pb_gallery_item et_pb_bg_layout_light et_pb_css_mix_blend_mode et_pb_gallery_item_0_12\"><div class=\"et_pb_gallery_image landscape\">\n\t\t\t\t\t<a href=\"https:\/\/auriol.discovermyscreen.fr\/wp-content\/uploads\/2025\/06\/diapo05.jpg\" title=\"diapo05\">\n\t\t\t\t\t<img loading=\"lazy\" decoding=\"async\" width=\"1920\" height=\"661\" src=\"https:\/\/auriol.discovermyscreen.fr\/wp-content\/uploads\/2025\/06\/diapo05.jpg\" class=\"wp-image-543\" srcset=\"https:\/\/auriol.discovermyscreen.fr\/wp-content\/uploads\/2025\/06\/diapo05.jpg 1920w, https:\/\/auriol.discovermyscreen.fr\/wp-content\/uploads\/2025\/06\/diapo05-1280x441.jpg 1280w, https:\/\/auriol.discovermyscreen.fr\/wp-content\/uploads\/2025\/06\/diapo05-980x337.jpg 980w, https:\/\/auriol.discovermyscreen.fr\/wp-content\/uploads\/2025\/06\/diapo05-480x165.jpg 480w\" sizes=\"(min-width: 0px) and (max-width: 480px) 480px, (min-width: 481px) and (max-width: 980px) 980px, (min-width: 981px) and (max-width: 1280px) 1280px, (min-width: 1281px) 1920px, 100vw\" \/>\n\t\t\t\t\t\n\t\t\t\t<\/a>\n\t\t\t\t<\/div><\/div><div class=\"et_pb_gallery_item et_pb_bg_layout_light et_pb_css_mix_blend_mode et_pb_gallery_item_0_13\"><div class=\"et_pb_gallery_image landscape\">\n\t\t\t\t\t<a href=\"https:\/\/auriol.discovermyscreen.fr\/wp-content\/uploads\/2025\/06\/diapo01.jpg\" title=\"diapo01\">\n\t\t\t\t\t<img loading=\"lazy\" decoding=\"async\" width=\"1920\" height=\"661\" src=\"https:\/\/auriol.discovermyscreen.fr\/wp-content\/uploads\/2025\/06\/diapo01.jpg\" class=\"wp-image-550\" srcset=\"https:\/\/auriol.discovermyscreen.fr\/wp-content\/uploads\/2025\/06\/diapo01.jpg 1920w, https:\/\/auriol.discovermyscreen.fr\/wp-content\/uploads\/2025\/06\/diapo01-1280x441.jpg 1280w, https:\/\/auriol.discovermyscreen.fr\/wp-content\/uploads\/2025\/06\/diapo01-980x337.jpg 980w, https:\/\/auriol.discovermyscreen.fr\/wp-content\/uploads\/2025\/06\/diapo01-480x165.jpg 480w\" sizes=\"(min-width: 0px) and (max-width: 480px) 480px, (min-width: 481px) and (max-width: 980px) 980px, (min-width: 981px) and (max-width: 1280px) 1280px, (min-width: 1281px) 1920px, 100vw\" \/>\n\t\t\t\t\t\n\t\t\t\t<\/a>\n\t\t\t\t<\/div><\/div><\/div><\/div>\n\t\t\t<\/div>\n\t\t\t\t\n\t\t\t\t\n\t\t\t\t\n\t\t\t\t\n\t\t\t<\/div><div class=\"et_d4_element et_pb_row et_pb_row_1  et_pb_css_mix_blend_mode et_block_row\">\n\t\t\t\t<div class=\"et_d4_element et_pb_column_4_4 et_pb_column et_pb_column_1  et_pb_css_mix_blend_mode et-last-child et_block_column\">\n\t\t\t\t\n\t\t\t\t\n\t\t\t\t\n\t\t\t\t\n\t\t\t\t<div class=\"et_pb_module et_d4_element et_pb_code et_pb_code_0\">\n\t\t\t\t\n\t\t\t\t\n\t\t\t\t\n\t\t\t\t\n\t\t\t\t\n\t\t\t<\/div><div class=\"et_pb_module et_d4_element et_pb_text et_pb_text_0  et_pb_text_align_left et_pb_bg_layout_light\">\n\t\t\t\t\n\t\t\t\t\n\t\t\t\t\n\t\t\t\t\n\t\t\t\t<div class=\"et_pb_text_inner\"><div class=\"page-header\">\n<h1 data-pm-slice=\"0 0 &#091;&#093;\">D\u00e9couvrir Auriol : Un Tr\u00e9sor Proven\u00e7al \u00e0 Explorer<span style=\"font-size: 14px;\">\u00a0<\/span><\/h1>\n<p>Auriol, nich\u00e9e au c\u0153ur de la Provence, est une petite ville pleine de charme, offrant \u00e0 la fois un patrimoine riche, une nature pr\u00e9serv\u00e9e et une ambiance chaleureuse. Situ\u00e9e entre Marseille et Aix-en-Provence, elle repr\u00e9sente un parfait point de d\u00e9part pour d\u00e9couvrir la beaut\u00e9 de la Provence.<\/p>\n<p>&nbsp;<\/p>\n<h2>Un Patrimoine Historique \u00e0 Explorer<\/h2>\n<p>Auriol poss\u00e8de un riche pass\u00e9 historique qui se refl\u00e8te \u00e0 travers ses monuments et ses ruelles pittoresques. En se baladant dans le vieux village, on d\u00e9couvre :<\/p>\n<p>L\u2019\u00e9glise Saint-Pierre\u00a0: un \u00e9difice embl\u00e9matique du XVIIe si\u00e8cle.<\/p>\n<p>Le Mus\u00e9e d'Auriol\u00a0: d\u00e9di\u00e9 \u00e0 l'histoire locale, ce mus\u00e9e met en lumi\u00e8re l'\u00e9volution de la ville \u00e0 travers les \u00e2ges, avec des expositions temporaires et permanentes.<\/p>\n<p>Le Tr\u00e9sor d'Auriol : un v\u00e9ritable myst\u00e8re pour de nombreux visiteurs, qui attire les curieux.<\/p>\n<p>&nbsp;<\/p>\n<h2>Une Nature G\u00e9n\u00e9reuse<\/h2>\n<p>Auriol est \u00e9galement un paradis pour les amoureux de la nature :<\/p>\n<p>Les sentiers de randonn\u00e9e\u00a0: Les collines environnantes, notamment celles du massif de la Sainte-Baume, offrent des itin\u00e9raires magnifiques pour les randonneurs. Des points de vue \u00e9poustouflants et des parcours adapt\u00e9s \u00e0 tous les niveaux vous attendent.<\/p>\n<p>Le parc naturel r\u00e9gional de la Sainte-Baume\u00a0: Id\u00e9al pour un pique-nique ou une sortie en famille, ce parc offre une diversit\u00e9 de faune et de flore unique en Provence.<\/p>\n<p>&nbsp;<\/p>\n<h2>Un Lieu de Culture et de Traditions<\/h2>\n<p>Tout au long de l\u2019ann\u00e9e, Auriol vibre au rythme de ses traditions proven\u00e7ales :<\/p>\n<p>Les march\u00e9s proven\u00e7aux\u00a0: Color\u00e9s et anim\u00e9s, ils permettent de d\u00e9couvrir les produits locaux, du miel au fromage en passant par les fruits et l\u00e9gumes frais.<\/p>\n<p>Les \u00e9v\u00e9nements culturels\u00a0: Auriol organise de nombreux festivals et \u00e9v\u00e9nements, tels que la Semaine Bleue d\u00e9di\u00e9e aux seniors ou encore des repr\u00e9sentations th\u00e9\u00e2trales et musicales en plein air.<\/p>\n<p>&nbsp;<\/p>\n<h2>Gastronomie et Produits Locaux<\/h2>\n<p>La Provence est connue pour sa gastronomie, et Auriol ne fait pas exception :<\/p>\n<p>Les restaurants locaux\u00a0offrent des plats typiques tels que l'a\u00efoli, la ratatouille ou encore la soupe au pistou.<\/p>\n<p>Les producteurs locaux\u00a0vous proposent des produits frais, issus de circuits courts, que ce soit pour la cuisine du quotidien ou pour rapporter un souvenir de votre passage.<\/p>\n<\/div><\/div>\n\t\t\t<\/div>\n\t\t\t<\/div>\n\t\t\t\t\n\t\t\t\t\n\t\t\t\t\n\t\t\t\t\n\t\t\t<\/div><div class=\"et_d4_element et_pb_row et_pb_row_2  et_pb_css_mix_blend_mode et_block_row\">\n\t\t\t\t<div class=\"et_d4_element et_pb_column_4_4 et_pb_column et_pb_column_2  et_pb_css_mix_blend_mode et-last-child et_block_column\">\n\t\t\t\t\n\t\t\t\t\n\t\t\t\t\n\t\t\t\t\n\t\t\t\t<div class=\"et_pb_module et_d4_element et_pb_text et_pb_text_1  et_pb_text_align_left et_pb_bg_layout_light\">\n\t\t\t\t\n\t\t\t\t\n\t\t\t\t\n\t\t\t\t\n\t\t\t\t<div class=\"et_pb_text_inner\"><div class=\"page-header\">\n<h1 style=\"font-weight: 400;\"><strong>Partez \u00e0 la d\u00e9couverte du village d'une mani\u00e8re ludique pour d\u00e9couvrir le patrimoine local et l\u2019histoire d\u2019Auriol !<\/strong><\/h1>\n<p style=\"font-weight: 400;\">Un parcours patrimonial via 15 QR install\u00e9s sur les lieux historiques d\u2019Auriol est \u00e0 d\u00e9couvrir tout au long de l\u2019ann\u00e9e.<\/p>\n<p style=\"font-weight: 400;\">Il suffit de \u201c<strong>flasher<\/strong>\u201d ou \u201c<strong>scanner<\/strong>\u201d un des QR-codes install\u00e9 sur un des 15 endroits historiques \u00e9quip\u00e9s avec un smartphone et une application pour scanner les codes-barres.<\/p>\n<p style=\"font-weight: 400;\">Le lien vous emm\u00e8ne ensuite directement sur l\u2019application mobile avec une fiche historique du lieu \u00e0 d\u00e9couvrir en texte, images et audio.<\/p>\n<\/div><\/div>\n\t\t\t<\/div>\n\t\t\t<\/div>\n\t\t\t\t\n\t\t\t\t\n\t\t\t\t\n\t\t\t\t\n\t\t\t<\/div><div class=\"et_d4_element et_pb_row et_pb_row_3  et_pb_css_mix_blend_mode et_block_row\">\n\t\t\t\t<div class=\"et_d4_element et_pb_column_1_4 et_pb_column et_pb_column_3  et_pb_css_mix_blend_mode et_block_column et_pb_column_empty\">\n\t\t\t\t\n\t\t\t\t\n\t\t\t\t\n\t\t\t\t\n\t\t\t\t\n\t\t\t<\/div><div class=\"et_d4_element et_pb_column_1_2 et_pb_column et_pb_column_4  et_pb_css_mix_blend_mode et_block_column\">\n\t\t\t\t\n\t\t\t\t\n\t\t\t\t\n\t\t\t\t\n\t\t\t\t<div class=\"et_pb_module et_d4_element et_pb_image et_pb_image_0\">\n\t\t\t\t\n\t\t\t\t\n\t\t\t\t\n\t\t\t\t\n\t\t\t\t<span class=\"et_pb_image_wrap \"><img loading=\"lazy\" decoding=\"async\" width=\"2205\" height=\"2205\" src=\"https:\/\/auriol.discovermyscreen.fr\/wp-content\/uploads\/2025\/06\/qr-code-1.png\" alt=\"\" title=\"qr-code (1)\" srcset=\"https:\/\/auriol.discovermyscreen.fr\/wp-content\/uploads\/2025\/06\/qr-code-1.png 2205w, https:\/\/auriol.discovermyscreen.fr\/wp-content\/uploads\/2025\/06\/qr-code-1-1280x1280.png 1280w, https:\/\/auriol.discovermyscreen.fr\/wp-content\/uploads\/2025\/06\/qr-code-1-980x980.png 980w, https:\/\/auriol.discovermyscreen.fr\/wp-content\/uploads\/2025\/06\/qr-code-1-480x480.png 480w\" sizes=\"(min-width: 0px) and (max-width: 480px) 480px, (min-width: 481px) and (max-width: 980px) 980px, (min-width: 981px) and (max-width: 1280px) 1280px, (min-width: 1281px) 2205px, 100vw\" class=\"wp-image-517\" \/><\/span>\n\t\t\t<\/div>\n\t\t\t<\/div><div class=\"et_d4_element et_pb_column_1_4 et_pb_column et_pb_column_5  et_pb_css_mix_blend_mode et-last-child et_block_column et_pb_column_empty\">\n\t\t\t\t\n\t\t\t\t\n\t\t\t\t\n\t\t\t\t\n\t\t\t\t\n\t\t\t<\/div>\n\t\t\t\t\n\t\t\t\t\n\t\t\t\t\n\t\t\t\t\n\t\t\t<\/div>\n\t\t\t\t\n\t\t\t\t\n\t\t\t<\/div>\n","protected":false},"excerpt":{"rendered":"","protected":false},"author":1,"featured_media":0,"parent":0,"menu_order":0,"comment_status":"closed","ping_status":"closed","template":"","meta":{"_et_pb_use_builder":"on","_et_pb_old_content":"","_et_gb_content_width":"","footnotes":""},"class_list":["post-100","page","type-page","status-publish","hentry"],"_links":{"self":[{"href":"https:\/\/auriol.discovermyscreen.fr\/index.php\/wp-json\/wp\/v2\/pages\/100","targetHints":{"allow":["GET"]}}],"collection":[{"href":"https:\/\/auriol.discovermyscreen.fr\/index.php\/wp-json\/wp\/v2\/pages"}],"about":[{"href":"https:\/\/auriol.discovermyscreen.fr\/index.php\/wp-json\/wp\/v2\/types\/page"}],"author":[{"embeddable":true,"href":"https:\/\/auriol.discovermyscreen.fr\/index.php\/wp-json\/wp\/v2\/users\/1"}],"replies":[{"embeddable":true,"href":"https:\/\/auriol.discovermyscreen.fr\/index.php\/wp-json\/wp\/v2\/comments?post=100"}],"version-history":[{"count":0,"href":"https:\/\/auriol.discovermyscreen.fr\/index.php\/wp-json\/wp\/v2\/pages\/100\/revisions"}],"wp:attachment":[{"href":"https:\/\/auriol.discovermyscreen.fr\/index.php\/wp-json\/wp\/v2\/media?parent=100"}],"curies":[{"name":"wp","href":"https:\/\/api.w.org\/{rel}","templated":true}]}}