{"id":321,"date":"2025-06-17T13:22:54","date_gmt":"2025-06-17T13:22:54","guid":{"rendered":"https:\/\/auriol.discovermyscreen.fr\/?page_id=321"},"modified":"2025-07-08T08:15:33","modified_gmt":"2025-07-08T08:15:33","slug":"agenda","status":"publish","type":"page","link":"https:\/\/auriol.discovermyscreen.fr\/index.php\/agenda\/","title":{"rendered":"Agenda"},"content":{"rendered":"<div class=\"et_d4_element et_pb_section et_pb_section_0  et_pb_css_mix_blend_mode et_section_regular et_block_section\" >\n\t\t\t\t\n\t\t\t\t\n\t\t\t\t\n\t\t\t\t\n\t\t\t\t\n\t\t\t\t\n\t\t\t\t<div class=\"et_d4_element et_pb_row et_pb_row_0  et_pb_css_mix_blend_mode et_block_row\">\n\t\t\t\t<div class=\"et_d4_element et_pb_column_4_4 et_pb_column et_pb_column_0  et_pb_css_mix_blend_mode et-last-child et_block_column\">\n\t\t\t\t\n\t\t\t\t\n\t\t\t\t\n\t\t\t\t\n\t\t\t\t<div class=\"et_pb_module et_d4_element et_pb_code et_pb_code_0\">\n\t\t\t\t\n\t\t\t\t\n\t\t\t\t\n\t\t\t\t\n\t\t\t\t<div class=\"et_pb_code_inner\"><div class=\"agenda-grid\">        <div class=\"agenda-card\">\n                            <img decoding=\"async\" src=\"https:\/\/auriol.discovermyscreen.fr\/wp-content\/uploads\/2026\/05\/ic_medium_w300h300q100_ceremonie-8-mai-agenda-site.jpg\" alt=\"Comm\u00e9moration du 8 mai 1945\" class=\"agenda-image\">\n                        <h3 class=\"agenda-title\">Comm\u00e9moration du 8 mai 1945<\/h3>\n<p class=\"agenda-date\">\ud83d\udcc5 Vendredi 8 mai 2026<\/p>\n            <a href=\"https:\/\/auriol.discovermyscreen.fr\/index.php\/2026\/05\/04\/commemoration-du-8-mai-1945\/\" class=\"agenda-link\">Lire plus<\/a>\n        <\/div>\n                <div class=\"agenda-card\">\n                            <img decoding=\"async\" src=\"https:\/\/auriol.discovermyscreen.fr\/wp-content\/uploads\/2026\/04\/ic_medium_w300h300q100_fx-demaison-200x200-pour-site-mairie.jpg\" alt=\"Au plus pr\u00e8s de Fran\u00e7ois Xavier Demaison\" class=\"agenda-image\">\n                        <h3 class=\"agenda-title\">Au plus pr\u00e8s de Fran\u00e7ois Xavier Demaison<\/h3>\n<p class=\"agenda-date\">\ud83d\udcc5 Jeudi 28 mai 2026<\/p>\n            <a href=\"https:\/\/auriol.discovermyscreen.fr\/index.php\/2026\/04\/13\/au-plus-pres-de-francois-xavier-demaison\/\" class=\"agenda-link\">Lire plus<\/a>\n        <\/div>\n                <div class=\"agenda-card\">\n                            <img decoding=\"async\" src=\"https:\/\/auriol.discovermyscreen.fr\/wp-content\/uploads\/2026\/04\/ic_medium_w300h300q100_jf-cherche-maison-site-mairie.jpg\" alt=\"Spectacle musical\" class=\"agenda-image\">\n                        <h3 class=\"agenda-title\">Spectacle musical<\/h3>\n<p class=\"agenda-date\">\ud83d\udcc5 Samedi 6 juin 2026<\/p>\n            <a href=\"https:\/\/auriol.discovermyscreen.fr\/index.php\/2026\/04\/13\/spectacle-musical\/\" class=\"agenda-link\">Lire plus<\/a>\n        <\/div>\n                <div class=\"agenda-card\">\n                            <img decoding=\"async\" src=\"https:\/\/auriol.discovermyscreen.fr\/wp-content\/uploads\/2026\/04\/ic_medium_w300h300q100_agenda-site-atmos.jpg\" alt=\"Pi\u00e8ces de th\u00e9\u00e2tre\" class=\"agenda-image\">\n                        <h3 class=\"agenda-title\">Pi\u00e8ces de th\u00e9\u00e2tre<\/h3>\n<p class=\"agenda-date\">\ud83d\udcc5 Dimanche 7 juin 2026<\/p>\n            <a href=\"https:\/\/auriol.discovermyscreen.fr\/index.php\/2026\/04\/13\/pieces-de-theatre\/\" class=\"agenda-link\">Lire plus<\/a>\n        <\/div>\n                <div class=\"agenda-card\">\n                            <img decoding=\"async\" src=\"https:\/\/auriol.discovermyscreen.fr\/wp-content\/uploads\/2026\/04\/ic_medium_w300h300q100_site-agenda-comedies-musicales.jpg\" alt=\"Com\u00e9dies musicales\" class=\"agenda-image\">\n                        <h3 class=\"agenda-title\">Com\u00e9dies musicales<\/h3>\n<p class=\"agenda-date\">\ud83d\udcc5 Vendredi 12 juin 2026<\/p>\n            <a href=\"https:\/\/auriol.discovermyscreen.fr\/index.php\/2026\/04\/13\/comedies-musicales\/\" class=\"agenda-link\">Lire plus<\/a>\n        <\/div>\n        <\/div><\/div>\n\t\t\t<\/div>\n\t\t\t<\/div>\n\t\t\t\t\n\t\t\t\t\n\t\t\t\t\n\t\t\t\t\n\t\t\t<\/div>\n\t\t\t\t\n\t\t\t\t\n\t\t\t<\/div>\n","protected":false},"excerpt":{"rendered":"","protected":false},"author":1,"featured_media":0,"parent":0,"menu_order":0,"comment_status":"closed","ping_status":"closed","template":"","meta":{"_et_pb_use_builder":"on","_et_pb_old_content":"","_et_gb_content_width":"","footnotes":""},"class_list":["post-321","page","type-page","status-publish","hentry"],"_links":{"self":[{"href":"https:\/\/auriol.discovermyscreen.fr\/index.php\/wp-json\/wp\/v2\/pages\/321","targetHints":{"allow":["GET"]}}],"collection":[{"href":"https:\/\/auriol.discovermyscreen.fr\/index.php\/wp-json\/wp\/v2\/pages"}],"about":[{"href":"https:\/\/auriol.discovermyscreen.fr\/index.php\/wp-json\/wp\/v2\/types\/page"}],"author":[{"embeddable":true,"href":"https:\/\/auriol.discovermyscreen.fr\/index.php\/wp-json\/wp\/v2\/users\/1"}],"replies":[{"embeddable":true,"href":"https:\/\/auriol.discovermyscreen.fr\/index.php\/wp-json\/wp\/v2\/comments?post=321"}],"version-history":[{"count":0,"href":"https:\/\/auriol.discovermyscreen.fr\/index.php\/wp-json\/wp\/v2\/pages\/321\/revisions"}],"wp:attachment":[{"href":"https:\/\/auriol.discovermyscreen.fr\/index.php\/wp-json\/wp\/v2\/media?parent=321"}],"curies":[{"name":"wp","href":"https:\/\/api.w.org\/{rel}","templated":true}]}}